{"id":1078,"date":"2024-07-27T15:52:34","date_gmt":"2024-07-27T13:52:34","guid":{"rendered":"https:\/\/www.christiandriverncc.com\/?page_id=1078"},"modified":"2024-07-27T16:00:20","modified_gmt":"2024-07-27T14:00:20","slug":"home-2","status":"publish","type":"page","link":"https:\/\/www.christiandriverncc.com\/it\/home-2\/","title":{"rendered":"Home 2"},"content":{"rendered":"<div class=\"wp-block-media-text alignfull has-media-on-the-right is-stacked-on-mobile is-vertically-aligned-center has-foreground-background-color has-background\"><div class=\"wp-block-media-text__content\">\n<h2 class=\"wp-block-heading\" id=\"private-driver-service-on-the-amalfi-coast\">Il tuo autista privato in Costiera Amalfitana<\/h2>\n\n\n\n<p>Christian driver offre un servizio affidabile e professionale. <\/p>\n\n\n\n<p>Vi offriamo assistenza di qualit\u00e0 durante il vostro trasporto o durante il vostro Tour mozzafiato sulla Costiera Amalfitana, ed anche in tutta Italia,  grazie al nostro personale qualificato e sempre disponibile. I nostri autisti sono cortesi e dedicano il loro tempo ai turisti di tutto il mondo per aiutarli a vivere la migliore esperienza di vacanza della loro vita a prezzi competitivi ed equi. <\/p>\n\n\n\n<p>L'obiettivo pi\u00f9 importante da raggiungere \u00e8 la soddisfazione del cliente!<\/p>\n\n\n\n<div class=\"wp-block-buttons is-content-justification-center is-layout-flex wp-container-core-buttons-is-layout-16018d1d wp-block-buttons-is-layout-flex\">\n<div class=\"wp-block-button\"><a class=\"wp-block-button__link has-text-align-center wp-element-button\" href=\"https:\/\/www.christiandriverncc.com\/it\/viano\/\" rel=\"\">Scopri di pi\u00f9<\/a><\/div>\n<\/div>\n\n\n\n<p><\/p>\n<\/div><figure class=\"wp-block-media-text__media\"><img loading=\"lazy\" decoding=\"async\" width=\"768\" height=\"1024\" src=\"https:\/\/www.christiandriverncc.com\/wp-content\/uploads\/2024\/07\/viano-costa-768x1024.jpg\" alt=\"\" class=\"wp-image-1087 size-full\" srcset=\"https:\/\/www.christiandriverncc.com\/wp-content\/uploads\/2024\/07\/viano-costa-768x1024.jpg 768w, https:\/\/www.christiandriverncc.com\/wp-content\/uploads\/2024\/07\/viano-costa-225x300.jpg 225w, https:\/\/www.christiandriverncc.com\/wp-content\/uploads\/2024\/07\/viano-costa-1152x1536.jpg 1152w, https:\/\/www.christiandriverncc.com\/wp-content\/uploads\/2024\/07\/viano-costa-9x12.jpg 9w, https:\/\/www.christiandriverncc.com\/wp-content\/uploads\/2024\/07\/viano-costa.jpg 1200w\" sizes=\"auto, (max-width: 768px) 100vw, 768px\" \/><\/figure><\/div>\n\n\n\n<div class=\"wp-block-media-text alignfull is-stacked-on-mobile is-vertically-aligned-center has-foreground-background-color has-background\"><figure class=\"wp-block-media-text__media\"><img loading=\"lazy\" decoding=\"async\" width=\"1024\" height=\"844\" src=\"https:\/\/www.christiandriverncc.com\/wp-content\/uploads\/2024\/07\/calessino-minori-1024x844.jpg\" alt=\"\" class=\"wp-image-1050 size-full\" srcset=\"https:\/\/www.christiandriverncc.com\/wp-content\/uploads\/2024\/07\/calessino-minori-1024x844.jpg 1024w, https:\/\/www.christiandriverncc.com\/wp-content\/uploads\/2024\/07\/calessino-minori-300x247.jpg 300w, https:\/\/www.christiandriverncc.com\/wp-content\/uploads\/2024\/07\/calessino-minori-768x633.jpg 768w, https:\/\/www.christiandriverncc.com\/wp-content\/uploads\/2024\/07\/calessino-minori-15x12.jpg 15w, https:\/\/www.christiandriverncc.com\/wp-content\/uploads\/2024\/07\/calessino-minori.jpg 1456w\" sizes=\"auto, (max-width: 1024px) 100vw, 1024px\" \/><\/figure><div class=\"wp-block-media-text__content\">\n<h2 class=\"wp-block-heading translation-block\" id=\"private-driver-service-on-the-amalfi-coast\"><strong>Ape Calessino service<\/strong> in Costiera Amalfitana<\/h2>\n\n\n\n<p><strong>\u201cUn\u2019ape rossa vola sulla Costiera Amalfitana!\u201d<\/strong><\/p>\n\n\n\n<p>Cosa c'\u00e8 di meglio che godersi il tempo su una delle coste pi\u00f9 belle del mondo utilizzando un veicolo iconico e vintage, parte dei tesori italiani? Ape Calessino, inventato nel secondo dopoguerra (1948) per consentire ai turisti delle coste italiane di visitare le localit\u00e0 costiere, offre un'esperienza indimenticabile.<\/p>\n\n\n\n<p class=\"has-text-align-center\"><em><strong>Sentitevi come una star del cinema mentre visitate la Costiera Amalfitana!<\/strong><\/em><\/p>\n\n\n\n<p>Possiamo ospitare da uno a tre passeggeri in aggiunta al nostro autista che vi dar\u00e0 tutte le spiegazioni riguardanti i luoghi che visiterete ma anche la possibilit\u00e0 di scattare foto nei punti pi\u00f9 belli della Costa, facendovi scoprire gli angoli pi\u00f9 nascosti del nostro paradiso e dandovi l\u2019opportunit\u00e0 di scoprire la vera anima della \u201cDivina Costa\u201d. Le parole chiave sono: bellezza, relax, divertimento e\u2026 l'esperienza pi\u00f9 inaspettata del vostro viaggio!<\/p>\n\n\n\n<div class=\"wp-block-buttons is-content-justification-center is-layout-flex wp-container-core-buttons-is-layout-16018d1d wp-block-buttons-is-layout-flex\">\n<div class=\"wp-block-button\"><a class=\"wp-block-button__link wp-element-button\" href=\"https:\/\/www.christiandriverncc.com\/it\/ape\/\" rel=\"\">Scopri di pi\u00f9<\/a><\/div>\n<\/div>\n\n\n\n<p><\/p>\n<\/div><\/div>\n\n\n\n<div class=\"wp-block-group alignfull has-background-background-color has-background\" id=\"services\"><div class=\"wp-block-group__inner-container is-layout-flow wp-block-group-is-layout-flow\">\n<div style=\"height:68px\" aria-hidden=\"true\" class=\"wp-block-spacer\"><\/div>\n<\/div><\/div>\n\n\n\n<p><\/p>","protected":false},"excerpt":{"rendered":"","protected":false},"author":1,"featured_media":0,"parent":0,"menu_order":0,"comment_status":"closed","ping_status":"closed","template":"","meta":{"footnotes":""},"class_list":["post-1078","page","type-page","status-publish","hentry","entry"],"jetpack_sharing_enabled":true,"_links":{"self":[{"href":"https:\/\/www.christiandriverncc.com\/it\/wp-json\/wp\/v2\/pages\/1078","targetHints":{"allow":["GET"]}}],"collection":[{"href":"https:\/\/www.christiandriverncc.com\/it\/wp-json\/wp\/v2\/pages"}],"about":[{"href":"https:\/\/www.christiandriverncc.com\/it\/wp-json\/wp\/v2\/types\/page"}],"author":[{"embeddable":true,"href":"https:\/\/www.christiandriverncc.com\/it\/wp-json\/wp\/v2\/users\/1"}],"replies":[{"embeddable":true,"href":"https:\/\/www.christiandriverncc.com\/it\/wp-json\/wp\/v2\/comments?post=1078"}],"version-history":[{"count":3,"href":"https:\/\/www.christiandriverncc.com\/it\/wp-json\/wp\/v2\/pages\/1078\/revisions"}],"predecessor-version":[{"id":1088,"href":"https:\/\/www.christiandriverncc.com\/it\/wp-json\/wp\/v2\/pages\/1078\/revisions\/1088"}],"wp:attachment":[{"href":"https:\/\/www.christiandriverncc.com\/it\/wp-json\/wp\/v2\/media?parent=1078"}],"curies":[{"name":"wp","href":"https:\/\/api.w.org\/{rel}","templated":true}]}}